{"id":7348,"date":"2022-06-08T13:13:51","date_gmt":"2022-06-08T13:13:51","guid":{"rendered":"https:\/\/staging.dimorea.gr\/?page_id=7348"},"modified":"2023-01-02T14:34:29","modified_gmt":"2023-01-02T14:34:29","slug":"warum-di-morea","status":"publish","type":"page","link":"https:\/\/staging.dimorea.gr\/de\/warum-di-morea\/","title":{"rendered":"Warum Di Morea"},"content":{"rendered":"<div class=\"wpb-content-wrapper\"><p>[vc_row row_content_width=&#8220;grid&#8220; css=&#8220;.vc_custom_1569414181451{padding-top: 125px !important;padding-bottom: 14px !important;}&#8220;][vc_column]<div class=\"qodef-shortcode qodef-m  qodef-section-title qodef-alignment--center \">\n\t\t<h2 class=\"qodef-m-title\" >\n\t\tDie Gr\u00fcnde, warum Sie unser Oliven\u00f6l w\u00e4hlen werden\t\t<\/h2>\n\t\t<p class=\"qodef-m-subtitle\" style=\"color: #123a12\">Die Liebe f\u00fcr unser Land<\/p>\n\t<\/div>[\/vc_column][\/vc_row][vc_row gap=&#8220;15&#8243; equal_height=&#8220;yes&#8220; content_placement=&#8220;middle&#8220; el_id=&#8220;why-di-blocks&#8220;][vc_column width=&#8220;1\/3&#8243; el_id=&#8220;bl-g&#8220;][vc_column_text]<\/p>\n<h3 class=\"P69\">Natives Oliven\u00f6l extra aus biologischem Anbau<\/h3>\n<p>[\/vc_column_text][vc_column_text]Nach jahrelangem Engagement in der\u00a0Oliven\u00f6lproduktion haben wir gelernt, den Wert von Bio zu sch\u00e4tzen. Indem wir auf einen Anbau ohne Chemikalien, Pestiziden und chemische D\u00fcngemittel setzen und unter Ber\u00fccksichtigung der Nachhaltigkeit, befolgen wir alle Praktiken, um ein hervorragendes bio natives Oliven\u00f6l extra herzustellen. Angefangen bei den Netzen, mit denen wir die Frucht sammeln, \u00fcber den Stickstofftank, indem wir sie lagern, bis hin zur Flasche, in der wir Ihnen den Saft der Oliven anbieten, ist alles biologisch. Zertifiziert durch\u00a0Biohellas, das di Morea ist perfekt f\u00fcr diejenigen, die Qualit\u00e4t auf dem Tisch wollen[\/vc_column_text][\/vc_column][vc_column width=&#8220;1\/3&#8243; el_id=&#8220;bl-g&#8220;][vc_column_text]<\/p>\n<h3 class=\"P73\">Anbau aus demselben Gut und Land<\/h3>\n<p>[\/vc_column_text][vc_column_text]<\/p>\n<p class=\"P74\">Oliven\u00f6l aus einer Sorte und einem Gut bedeutet Konsistenz in den Eigenschaften und Bedingungen der Produktion, sowie stabile Qualit\u00e4t und einzigartige Identit\u00e4t. Darum k\u00fcmmern wir uns und bebauen unser Gut, damit alles im besten Zustand ist. Dieses Anwesen liegt in einer halbgebirgigen Gegend in der N\u00e4he von Kiparissia, nur einen Atemzug entfernt von den Gr\u00e4bern von Nestor. Es ist ziemlich nah am Meer und grenzt an einen Bach, in dem eine gro\u00dfe Vielfalt von Pflanzen gedeiht. Eine F\u00fclle an aromatischen Pflanzen und B\u00e4umen, wie Mastixstr\u00e4ucher, Pinienkernen usw., machen diese wundersch\u00f6ne Landschaft aus. Die Meeresbrise, die D\u00fcfte der Pflanzen, die H\u00f6he und die Ausrichtung schaffen ein einzigartiges Mikroklima.<\/p>\n<p>[\/vc_column_text][\/vc_column][vc_column width=&#8220;1\/3&#8243; el_id=&#8220;bl-g&#8220;][vc_column_text]<\/p>\n<h3 class=\"P78\">Sortenrein aus der Olive Koroneiki<\/h3>\n<p>[\/vc_column_text][vc_column_text]Der griechische Boden ist vielf\u00e4ltig und obwohl es von Ort zu Ort unterschiedliche Sorten gibt, sticht eine hervor, was das Oliven\u00f6l betrifft. Die Koroneiki ist weltweit einer der ber\u00fchmtesten Sorten von Olivenb\u00e4umen, die ist n\u00e4mlich die K\u00f6nigin aller griechischen Sorten. Geboren und aufgewachsen in der Region von Messinia erhielt sie ihren Namen von Koroni, einer kleine nStadt am Meer in Messinia.\u00a0Diese Sorte zeichnet sich durch ihr reiches fruchtiges Aroma und die Balance zwischen bitter und scharf aus. Was die Koroneiki jedoch f\u00fcr Oliven\u00f6l so wichtig macht, ist unter anderem ihre Best\u00e4ndigkeit im Laufe der Zeit. Das hei\u00dft, sie produziert Oliven\u00f6l, das seine N\u00e4hrstoffe, sein Aroma, und seinen Geschmack im Vergleich zu anderen Sorten \u00fcber einen extremlangen Zeitraum beh\u00e4lt.[\/vc_column_text][\/vc_column][\/vc_row][vc_row gap=&#8220;15&#8243; content_placement=&#8220;middle&#8220; el_id=&#8220;why-di-blocks&#8220;][vc_column width=&#8220;1\/3&#8243; el_id=&#8220;bl-g&#8220;][vc_column_text]<\/p>\n<h3>Niedriger \u00d6ls\u00e4uregehalt, Kaltpressung<\/h3>\n<p>[\/vc_column_text][vc_column_text]Das di morea hat einen S\u00e4uregehalt von 0,2%, was bedeutet, dass es roh\u00a0verwendet und verzehrt werden kann. Um diesen S\u00e4uregehalt zu erreichen, achten wir darauf, die Olive nicht zu verletzen oder zu besch\u00e4digen. Dabei wird der Art und Weise, wie die Frucht geerntet und zur \u00d6lpresse transportiert wird, gro\u00dfe Bedeutung beigemessen. Die Temperatur von 27 Grad C -Kaltpressung- darf nicht \u00fcberschritten werden und das Kneten der Olivenmasse dauert nicht mehr als eine halbe Stunde. Der Transport der Frucht zur \u00d6lpresse erfolgt in kleinen K\u00e4figen um den Temperaturanstieg zu vermeiden,\u00a0was den S\u00e4uregehalt, den Geschmack und die Polyphenolen beeintr\u00e4chtigen k\u00f6nnte. Wir empfehlen Ihnen, alle Vorteile des K\u00f6nigs der griechischen K\u00fcche und der mediterranen Ern\u00e4hrung zu nutzen und ihn roh in Salaten, H\u00fclsenfruchten, frisch gebackenem Brot mit etwas Oregano zu verzehren.[\/vc_column_text][\/vc_column][vc_column width=&#8220;1\/3&#8243; el_id=&#8220;bl-g&#8220;][vc_column_text]<\/p>\n<h3>Reich an Polyphenolen<\/h3>\n<p>[\/vc_column_text][vc_column_text]Mehrere Studien wurden und werden immer noch \u00fcber die wohltuende Wirkung von Oliven\u00f6l mit hohem Polyphenolgehalt durchgef\u00fchrt. Es hat antioxydative, entz\u00fcndungshemmende, krebshemmende und antimikrobielle Aktivit\u00e4t. Es sch\u00fctzt die Zellen von Altern, es ist ein Schutzschild f\u00fcr das Herz, f\u00fcr viele Krebsarten und f\u00fcr die Alzheimer &#8211; Krankheit. Das di Morea hat einen extrem hohen Anteil an Polyphenolen, eine Tatsache, die es erlaubt, es als gesundheitssch\u00fctzend zu charakterisieren. Ein solches Oliven\u00f6l soll als wichtiger Pfeiler der Ern\u00e4hrung sein, zumindest f\u00fcr alle, die sich f\u00fcr ihre Gesundheit und Wohlbefinden interessieren. Es ist bekannt, dass unsere Gesundheit auf dem Teller beginnt![\/vc_column_text][\/vc_column][vc_column width=&#8220;1\/3&#8243; el_id=&#8220;bl-g&#8220;][vc_column_text]<\/p>\n<h3 class=\"P89\">g.U. Kalamata- griechisches Produkt<\/h3>\n<p>[\/vc_column_text][vc_column_text]Das messinische Land pflegt eine jahrhundertalte Tradition beim Anbau von Olivenb\u00e4umen und der Herstellung von Oliven\u00f6l. Die Ausgrabungen in den Pal\u00e4sten von Nestor brachten wertvolle Informationen \u00fcber die Rolle des Olivenbaums in der Region zutage. Viele Befunde belegen, dass die Olivenfrucht eine gro\u00dfe Wirkung auf die Bewohner im 13.-14. Jahrhundert vor Christus hatte. Mehr als ein Nahrungsbestandteil war es eine Basis f\u00fcr D\u00fcfte und\u00a0ein\u00a0Kunstelement. Diese Tradition symbolisiert heutzutage Oliven\u00f6l g. U. Kalamata. Das Gebiet, das vom Fluss Neda, den arkadischen Bergen, dem Taigetos, dem Golf von Messina und dem Ionischen Meer umschlossen wird, ist das exklusive geografische Umfeld f\u00fcr die Herstellung diese Produkts. Die Qualit\u00e4tsvorsetzung des Produktes ist sein extrem niedriger S\u00e4uregehalt (bis zu 0,5%).[\/vc_column_text][\/vc_column][\/vc_row]<\/p>\n<\/div>","protected":false},"excerpt":{"rendered":"<p>[vc_row row_content_width=&#8220;grid&#8220; css=&#8220;.vc_custom_1569414181451{padding-top: 125px !important;padding-bottom: 14px !important;}&#8220;][vc_column][\/vc_column][\/vc_row][vc_row gap=&#8220;15&#8243; equal_height=&#8220;yes&#8220; content_placement=&#8220;middle&#8220; el_id=&#8220;why-di-blocks&#8220;][vc_column width=&#8220;1\/3&#8243; el_id=&#8220;bl-g&#8220;][vc_column_text] Natives Oliven\u00f6l extra aus biologischem Anbau [\/vc_column_text][vc_column_text]Nach jahrelangem Engagement in der\u00a0Oliven\u00f6lproduktion haben wir gelernt, den Wert von Bio zu sch\u00e4tzen. Indem wir auf einen Anbau ohne Chemikalien, Pestiziden und chemische D\u00fcngemittel setzen und unter Ber\u00fccksichtigung der Nachhaltigkeit, befolgen wir alle Praktiken, um [&hellip;]<\/p>\n","protected":false},"author":1,"featured_media":0,"parent":0,"menu_order":0,"comment_status":"closed","ping_status":"closed","template":"","meta":{"inline_featured_image":false,"footnotes":""},"class_list":["post-7348","page","type-page","status-publish","hentry"],"yoast_head":"<!-- This site is optimized with the Yoast SEO plugin v27.0 - https:\/\/yoast.com\/product\/yoast-seo-wordpress\/ -->\n<title>Warum Di Morea - di Morea<\/title>\n<meta name=\"robots\" content=\"noindex, nofollow\" \/>\n<meta property=\"og:locale\" content=\"de_DE\" \/>\n<meta property=\"og:type\" content=\"article\" \/>\n<meta property=\"og:title\" content=\"Warum Di Morea - di Morea\" \/>\n<meta property=\"og:description\" content=\"[vc_row row_content_width=&#8220;grid&#8220; css=&#8220;.vc_custom_1569414181451{padding-top: 125px !important;padding-bottom: 14px !important;}&#8220;][vc_column][\/vc_column][\/vc_row][vc_row gap=&#8220;15&#8243; equal_height=&#8220;yes&#8220; content_placement=&#8220;middle&#8220; el_id=&#8220;why-di-blocks&#8220;][vc_column width=&#8220;1\/3&#8243; el_id=&#8220;bl-g&#8220;][vc_column_text] Natives Oliven\u00f6l extra aus biologischem Anbau [\/vc_column_text][vc_column_text]Nach jahrelangem Engagement in der\u00a0Oliven\u00f6lproduktion haben wir gelernt, den Wert von Bio zu sch\u00e4tzen. Indem wir auf einen Anbau ohne Chemikalien, Pestiziden und chemische D\u00fcngemittel setzen und unter Ber\u00fccksichtigung der Nachhaltigkeit, befolgen wir alle Praktiken, um [&hellip;]\" \/>\n<meta property=\"og:url\" content=\"https:\/\/staging.dimorea.gr\/de\/warum-di-morea\/\" \/>\n<meta property=\"og:site_name\" content=\"di Morea\" \/>\n<meta property=\"article:publisher\" content=\"https:\/\/www.facebook.com\/dimoreaoliveoil\" \/>\n<meta property=\"article:modified_time\" content=\"2023-01-02T14:34:29+00:00\" \/>\n<meta name=\"twitter:card\" content=\"summary_large_image\" \/>\n<meta name=\"twitter:label1\" content=\"Gesch\u00e4tzte Lesezeit\" \/>\n\t<meta name=\"twitter:data1\" content=\"5\u00a0Minuten\" \/>\n<script type=\"application\/ld+json\" class=\"yoast-schema-graph\">{\"@context\":\"https:\/\/schema.org\",\"@graph\":[{\"@type\":\"WebPage\",\"@id\":\"https:\/\/staging.dimorea.gr\/de\/warum-di-morea\/\",\"url\":\"https:\/\/staging.dimorea.gr\/de\/warum-di-morea\/\",\"name\":\"Warum Di Morea - di Morea\",\"isPartOf\":{\"@id\":\"https:\/\/staging.dimorea.gr\/#website\"},\"datePublished\":\"2022-06-08T13:13:51+00:00\",\"dateModified\":\"2023-01-02T14:34:29+00:00\",\"breadcrumb\":{\"@id\":\"https:\/\/staging.dimorea.gr\/de\/warum-di-morea\/#breadcrumb\"},\"inLanguage\":\"de\",\"potentialAction\":[{\"@type\":\"ReadAction\",\"target\":[\"https:\/\/staging.dimorea.gr\/de\/warum-di-morea\/\"]}]},{\"@type\":\"BreadcrumbList\",\"@id\":\"https:\/\/staging.dimorea.gr\/de\/warum-di-morea\/#breadcrumb\",\"itemListElement\":[{\"@type\":\"ListItem\",\"position\":1,\"name\":\"\u0391\u03c1\u03c7\u03b9\u03ba\u03ae\",\"item\":\"https:\/\/staging.dimorea.gr\/de\/\"},{\"@type\":\"ListItem\",\"position\":2,\"name\":\"Warum Di Morea\"}]},{\"@type\":\"WebSite\",\"@id\":\"https:\/\/staging.dimorea.gr\/#website\",\"url\":\"https:\/\/staging.dimorea.gr\/\",\"name\":\"di Morea\",\"description\":\"\",\"publisher\":{\"@id\":\"https:\/\/staging.dimorea.gr\/#organization\"},\"potentialAction\":[{\"@type\":\"SearchAction\",\"target\":{\"@type\":\"EntryPoint\",\"urlTemplate\":\"https:\/\/staging.dimorea.gr\/?s={search_term_string}\"},\"query-input\":{\"@type\":\"PropertyValueSpecification\",\"valueRequired\":true,\"valueName\":\"search_term_string\"}}],\"inLanguage\":\"de\"},{\"@type\":\"Organization\",\"@id\":\"https:\/\/staging.dimorea.gr\/#organization\",\"name\":\"diMorea\",\"url\":\"https:\/\/staging.dimorea.gr\/\",\"logo\":{\"@type\":\"ImageObject\",\"inLanguage\":\"de\",\"@id\":\"https:\/\/staging.dimorea.gr\/#\/schema\/logo\/image\/\",\"url\":\"https:\/\/staging.dimorea.gr\/wp-content\/uploads\/2022\/04\/logo-black-1.png\",\"contentUrl\":\"https:\/\/staging.dimorea.gr\/wp-content\/uploads\/2022\/04\/logo-black-1.png\",\"width\":220,\"height\":52,\"caption\":\"diMorea\"},\"image\":{\"@id\":\"https:\/\/staging.dimorea.gr\/#\/schema\/logo\/image\/\"},\"sameAs\":[\"https:\/\/www.facebook.com\/dimoreaoliveoil\",\"https:\/\/www.instagram.com\/accounts\/login\/?next=\/di_morea\/\"]}]}<\/script>\n<!-- \/ Yoast SEO plugin. -->","yoast_head_json":{"title":"Warum Di Morea - di Morea","robots":{"index":"noindex","follow":"nofollow"},"og_locale":"de_DE","og_type":"article","og_title":"Warum Di Morea - di Morea","og_description":"[vc_row row_content_width=&#8220;grid&#8220; css=&#8220;.vc_custom_1569414181451{padding-top: 125px !important;padding-bottom: 14px !important;}&#8220;][vc_column][\/vc_column][\/vc_row][vc_row gap=&#8220;15&#8243; equal_height=&#8220;yes&#8220; content_placement=&#8220;middle&#8220; el_id=&#8220;why-di-blocks&#8220;][vc_column width=&#8220;1\/3&#8243; el_id=&#8220;bl-g&#8220;][vc_column_text] Natives Oliven\u00f6l extra aus biologischem Anbau [\/vc_column_text][vc_column_text]Nach jahrelangem Engagement in der\u00a0Oliven\u00f6lproduktion haben wir gelernt, den Wert von Bio zu sch\u00e4tzen. Indem wir auf einen Anbau ohne Chemikalien, Pestiziden und chemische D\u00fcngemittel setzen und unter Ber\u00fccksichtigung der Nachhaltigkeit, befolgen wir alle Praktiken, um [&hellip;]","og_url":"https:\/\/staging.dimorea.gr\/de\/warum-di-morea\/","og_site_name":"di Morea","article_publisher":"https:\/\/www.facebook.com\/dimoreaoliveoil","article_modified_time":"2023-01-02T14:34:29+00:00","twitter_card":"summary_large_image","twitter_misc":{"Gesch\u00e4tzte Lesezeit":"5\u00a0Minuten"},"schema":{"@context":"https:\/\/schema.org","@graph":[{"@type":"WebPage","@id":"https:\/\/staging.dimorea.gr\/de\/warum-di-morea\/","url":"https:\/\/staging.dimorea.gr\/de\/warum-di-morea\/","name":"Warum Di Morea - di Morea","isPartOf":{"@id":"https:\/\/staging.dimorea.gr\/#website"},"datePublished":"2022-06-08T13:13:51+00:00","dateModified":"2023-01-02T14:34:29+00:00","breadcrumb":{"@id":"https:\/\/staging.dimorea.gr\/de\/warum-di-morea\/#breadcrumb"},"inLanguage":"de","potentialAction":[{"@type":"ReadAction","target":["https:\/\/staging.dimorea.gr\/de\/warum-di-morea\/"]}]},{"@type":"BreadcrumbList","@id":"https:\/\/staging.dimorea.gr\/de\/warum-di-morea\/#breadcrumb","itemListElement":[{"@type":"ListItem","position":1,"name":"\u0391\u03c1\u03c7\u03b9\u03ba\u03ae","item":"https:\/\/staging.dimorea.gr\/de\/"},{"@type":"ListItem","position":2,"name":"Warum Di Morea"}]},{"@type":"WebSite","@id":"https:\/\/staging.dimorea.gr\/#website","url":"https:\/\/staging.dimorea.gr\/","name":"di Morea","description":"","publisher":{"@id":"https:\/\/staging.dimorea.gr\/#organization"},"potentialAction":[{"@type":"SearchAction","target":{"@type":"EntryPoint","urlTemplate":"https:\/\/staging.dimorea.gr\/?s={search_term_string}"},"query-input":{"@type":"PropertyValueSpecification","valueRequired":true,"valueName":"search_term_string"}}],"inLanguage":"de"},{"@type":"Organization","@id":"https:\/\/staging.dimorea.gr\/#organization","name":"diMorea","url":"https:\/\/staging.dimorea.gr\/","logo":{"@type":"ImageObject","inLanguage":"de","@id":"https:\/\/staging.dimorea.gr\/#\/schema\/logo\/image\/","url":"https:\/\/staging.dimorea.gr\/wp-content\/uploads\/2022\/04\/logo-black-1.png","contentUrl":"https:\/\/staging.dimorea.gr\/wp-content\/uploads\/2022\/04\/logo-black-1.png","width":220,"height":52,"caption":"diMorea"},"image":{"@id":"https:\/\/staging.dimorea.gr\/#\/schema\/logo\/image\/"},"sameAs":["https:\/\/www.facebook.com\/dimoreaoliveoil","https:\/\/www.instagram.com\/accounts\/login\/?next=\/di_morea\/"]}]}},"_links":{"self":[{"href":"https:\/\/staging.dimorea.gr\/de\/wp-json\/wp\/v2\/pages\/7348","targetHints":{"allow":["GET"]}}],"collection":[{"href":"https:\/\/staging.dimorea.gr\/de\/wp-json\/wp\/v2\/pages"}],"about":[{"href":"https:\/\/staging.dimorea.gr\/de\/wp-json\/wp\/v2\/types\/page"}],"author":[{"embeddable":true,"href":"https:\/\/staging.dimorea.gr\/de\/wp-json\/wp\/v2\/users\/1"}],"replies":[{"embeddable":true,"href":"https:\/\/staging.dimorea.gr\/de\/wp-json\/wp\/v2\/comments?post=7348"}],"version-history":[{"count":6,"href":"https:\/\/staging.dimorea.gr\/de\/wp-json\/wp\/v2\/pages\/7348\/revisions"}],"predecessor-version":[{"id":7628,"href":"https:\/\/staging.dimorea.gr\/de\/wp-json\/wp\/v2\/pages\/7348\/revisions\/7628"}],"wp:attachment":[{"href":"https:\/\/staging.dimorea.gr\/de\/wp-json\/wp\/v2\/media?parent=7348"}],"curies":[{"name":"wp","href":"https:\/\/api.w.org\/{rel}","templated":true}]}}