{"id":7405,"date":"2022-04-26T07:51:08","date_gmt":"2022-04-26T07:51:08","guid":{"rendered":"https:\/\/staging.dimorea.gr\/confidentiality-personal-data-protection\/"},"modified":"2025-12-19T11:22:48","modified_gmt":"2025-12-19T11:22:48","slug":"confidentiality-personal-data-protection","status":"publish","type":"page","link":"https:\/\/staging.dimorea.gr\/de\/confidentiality-personal-data-protection\/","title":{"rendered":"Vertraulichkeit und Schutz personenbezogener Daten"},"content":{"rendered":"<h2>Vertraulichkeit &amp; Datenschutz<\/h2>\n<p>Der Schutz der personenbezogenen Daten unserer Online-Shop-Besucher www.dimorea.gr ist uns \u00e4u\u00dferst wichtig. Daher haben wir alle notwendigen Schritte unternommen, um die Einhaltung aller weltweit geltenden Datenschutzbestimmungen zu gew\u00e4hrleisten. Bitte lesen Sie diese Erkl\u00e4rung sorgf\u00e4ltig durch, bevor Sie die Dienste unserer Website nutzen. Wenn Sie uns Ihre personenbezogenen Daten mitteilen oder wir personenbezogene Daten \u00fcber Sie erheben, verwenden wir diese stets gem\u00e4\u00df dieser Datenschutzerkl\u00e4rung. Sollten Sie damit nicht einverstanden sein, verlassen Sie bitte diese Website und nutzen Sie weder deren Dienste noch deren Inhalte.<\/p>\n<p>Was sind personenbezogene Daten?<\/p>\n<p>Personenbezogene Daten sind alle Informationen, die Sie identifizieren, wie z. B. Ihr Name, Ihre E-Mail-Adresse, Ihre Postanschrift, Ihre Mobiltelefonnummer, Ihre Benutzernamen und Ihr Kaufverhalten, nutzergenerierte Inhalte, Finanzdaten und Sozialversicherungsdaten. Dazu geh\u00f6ren auch eindeutige numerische Kennungen wie die IP-Adresse Ihres Computers sowie Cookies.<\/p>\n<p>Erhebung und Verarbeitung personenbezogener Daten<\/p>\n<h2>Wie erheben oder erhalten wir Ihre Daten?<\/h2>\n<p>Der Online-Shop www.dimorea.gr erhebt Ihre personenbezogenen Daten nur dann, wenn Sie diese f\u00fcr einen bestimmten Zweck angegeben haben. Dies ist beispielsweise der Fall, wenn Sie unseren E-Mail-Newsletter abonnieren, ein Konto erstellen, uns kontaktieren, in unserem Online-Shop einkaufen oder an Gewinnspielen teilnehmen \u2013 vorausgesetzt, Sie haben Ihre Einwilligung zur Verarbeitung Ihrer personenbezogenen Daten erteilt.<\/p>\n<p>Dar\u00fcber hinaus k\u00f6nnen wir Ihre Daten mithilfe von Cookies f\u00fcr die statistische Analyse unseres Website-Traffics erfassen. Eine weitere Verarbeitung, \u00dcbermittlung oder ein Austausch dieser Daten findet nicht statt.<\/p>\n<p>Wir ben\u00f6tigen die Informationen, um Ihnen ein besseres Einkaufserlebnis zu bieten (schnelle Lieferung Ihrer Bestellungen, sichere Bezahlung und personalisierter Service).<\/p>\n<p>Cookies<\/p>\n<p>Cookies werden auf Ihrem Computer gespeichert, wenn Sie unsere Website besuchen und nutzen. Es handelt sich dabei um eine Reihe von Textinformationen, die Ihr Browser auf Ihrem Ger\u00e4t speichert. Die von Cookies gespeicherten Informationen werden dann an unsere Website \u00fcbertragen. Jeder Cookie ist f\u00fcr Ihren Browser eindeutig und enth\u00e4lt anonyme Informationen. Wir verwenden Cookies, um das Website-Erlebnis unserer Besucher zu verbessern. Die Funktionalit\u00e4t dieser Website kann stark beeintr\u00e4chtigt sein, wenn Sie Cookies deaktivieren oder ablehnen. Sie haben das Recht, Cookies in Ihren Browsereinstellungen zu deaktivieren. Beachten Sie jedoch, dass die Deaktivierung von Cookies die Nutzung bestimmter Bereiche unserer Website einschr\u00e4nken kann.<\/p>\n<h2>Arten von Cookies<\/h2>\n<h3>1. Funktionale Cookies<\/h3>\n<p>Diese Cookies sind f\u00fcr den ordnungsgem\u00e4\u00dfen Betrieb unseres Online-Shops unerl\u00e4sslich. Sie erm\u00f6glichen Ihnen die Navigation auf unserer Webseite und die Nutzung ihrer Funktionen. Diese Cookies verbleiben f\u00fcr einen l\u00e4ngeren Zeitraum auf Ihrem Computer (persistent: von 1 Tag bis zu 1 Jahr).<\/p>\n<p>Beispiele: PHP-Anwendungs-Cookie, PHP-Session-Cookie, frontend_cid, session_id, frontend, popup_newsletter<\/p>\n<h3>2. Performance-Cookies<\/h3>\n<p>Diese Cookies werden verwendet, um die Leistung zu messen und die Funktionalit\u00e4t zu verbessern, indem anonyme Daten zur Nutzung des Online-Shops erfasst werden. Diese Cookies verbleiben f\u00fcr eine Sitzung, aber f\u00fcr einen l\u00e4ngeren Zeitraum auf Ihrem Computer (persistent).<\/p>\n<p>Beispiele: Ga, Gat, utm, utma, utmc, zlcmid, atuvs<\/p>\n<h3>3. Social-Media-Cookies<\/h3>\n<p>Social-Media-Cookies erm\u00f6glichen es Ihnen, sich in Ihre Social-Media-Konten (z. B. Facebook, Twitter, YouTube, Instagram) einzuloggen und Inhalte von unserer Website zu teilen. Werbe-Cookies (Drittanbieter-Cookies) sammeln Informationen und erm\u00f6glichen die Personalisierung von Werbung. Diese Cookies verbleiben f\u00fcr eine Sitzung, aber \u00fcber einen l\u00e4ngeren Zeitraum (persistent) auf Ihrem Computer.<\/p>\n<h2>Beispiel: fbcsrf<\/h2>\n<p>Auf dieser Website verwendete Drittanbieter-Cookies<\/p>\n<p>Google-Analytics-Cookies sind Performance-Analyse-\/Registrierungs-Cookies, die es uns erm\u00f6glichen, anonyme Informationen dar\u00fcber zu sammeln, wie Besucher unsere Website nutzen. Diese Cookies informieren uns dar\u00fcber, wie viele Nutzer unsere Website besuchen und wie Besucher auf unserer Website navigieren. Sie enthalten anonyme Informationen und keine personenbezogenen Daten.<\/p>\n<p>Die von Google-Analytics-Cookies \u00fcber unsere Website gesammelten Informationen werden gem\u00e4\u00df der Google-Datenschutzrichtlinie an Google-Browser \u00fcbertragen und dort gespeichert.<\/p>\n<p>Dar\u00fcber hinaus k\u00f6nnen Drittanbieter-Netzwerke (z. B. Facebook, Instagram usw.) Cookies auf Ihrem Ger\u00e4t platzieren, wenn Sie Inhalte von unserer Website teilen.<\/p>\n<p>Websites und Anwendungen k\u00f6nnen gelegentlich Links zu und von Websites unserer Partner, Werbetreibenden und verbundenen Unternehmen enthalten. Wenn Sie einem solchen Link folgen, beachten Sie bitte, dass diese Websites eigene Datenschutzrichtlinien haben, f\u00fcr die wir keine Verantwortung \u00fcbernehmen.<\/p>\n<p>Bitte lesen Sie diese Richtlinien, bevor Sie Ihre personenbezogenen Daten an diese Websites \u00fcbermitteln.<\/p>\n<p>Wir k\u00f6nnen Ihnen au\u00dferdem die M\u00f6glichkeit bieten, Ihre Anmeldedaten f\u00fcr soziale Medien zu nutzen. Wenn Sie diese Option nutzen, sollten Sie sich dar\u00fcber im Klaren sein, dass Sie \u2013 abh\u00e4ngig von Ihren Einstellungen auf der jeweiligen Plattform \u2013 Informationen in Ihrem Profil offenlegen.<\/p>\n","protected":false},"excerpt":{"rendered":"<p>Vertraulichkeit &amp; Datenschutz Der Schutz der personenbezogenen Daten unserer Online-Shop-Besucher www.dimorea.gr ist uns \u00e4u\u00dferst wichtig. Daher haben wir alle notwendigen Schritte unternommen, um die Einhaltung aller weltweit geltenden Datenschutzbestimmungen zu gew\u00e4hrleisten. Bitte lesen Sie diese Erkl\u00e4rung sorgf\u00e4ltig durch, bevor Sie die Dienste unserer Website nutzen. Wenn Sie uns Ihre personenbezogenen Daten mitteilen oder wir personenbezogene [&hellip;]<\/p>\n","protected":false},"author":1,"featured_media":0,"parent":0,"menu_order":0,"comment_status":"closed","ping_status":"open","template":"","meta":{"inline_featured_image":false,"footnotes":""},"class_list":["post-7405","page","type-page","status-publish","hentry"],"yoast_head":"<!-- This site is optimized with the Yoast SEO plugin v27.0 - https:\/\/yoast.com\/product\/yoast-seo-wordpress\/ -->\n<title>Vertraulichkeit und Schutz personenbezogener Daten - di Morea<\/title>\n<meta name=\"robots\" content=\"noindex, follow, max-snippet:-1, max-image-preview:large, max-video-preview:-1\" \/>\n<meta property=\"og:locale\" content=\"de_DE\" \/>\n<meta property=\"og:type\" content=\"article\" \/>\n<meta property=\"og:title\" content=\"Vertraulichkeit und Schutz personenbezogener Daten - di Morea\" \/>\n<meta property=\"og:description\" content=\"Vertraulichkeit &amp; Datenschutz Der Schutz der personenbezogenen Daten unserer Online-Shop-Besucher www.dimorea.gr ist uns \u00e4u\u00dferst wichtig. Daher haben wir alle notwendigen Schritte unternommen, um die Einhaltung aller weltweit geltenden Datenschutzbestimmungen zu gew\u00e4hrleisten. Bitte lesen Sie diese Erkl\u00e4rung sorgf\u00e4ltig durch, bevor Sie die Dienste unserer Website nutzen. Wenn Sie uns Ihre personenbezogenen Daten mitteilen oder wir personenbezogene [&hellip;]\" \/>\n<meta property=\"og:url\" content=\"https:\/\/staging.dimorea.gr\/de\/confidentiality-personal-data-protection\/\" \/>\n<meta property=\"og:site_name\" content=\"di Morea\" \/>\n<meta property=\"article:publisher\" content=\"https:\/\/www.facebook.com\/dimoreaoliveoil\" \/>\n<meta property=\"article:modified_time\" content=\"2025-12-19T11:22:48+00:00\" \/>\n<meta name=\"twitter:card\" content=\"summary_large_image\" \/>\n<meta name=\"twitter:label1\" content=\"Gesch\u00e4tzte Lesezeit\" \/>\n\t<meta name=\"twitter:data1\" content=\"4\u00a0Minuten\" \/>\n<script type=\"application\/ld+json\" class=\"yoast-schema-graph\">{\"@context\":\"https:\/\/schema.org\",\"@graph\":[{\"@type\":\"WebPage\",\"@id\":\"https:\/\/staging.dimorea.gr\/de\/confidentiality-personal-data-protection\/\",\"url\":\"https:\/\/staging.dimorea.gr\/de\/confidentiality-personal-data-protection\/\",\"name\":\"Vertraulichkeit und Schutz personenbezogener Daten - di Morea\",\"isPartOf\":{\"@id\":\"https:\/\/staging.dimorea.gr\/#website\"},\"datePublished\":\"2022-04-26T07:51:08+00:00\",\"dateModified\":\"2025-12-19T11:22:48+00:00\",\"breadcrumb\":{\"@id\":\"https:\/\/staging.dimorea.gr\/de\/confidentiality-personal-data-protection\/#breadcrumb\"},\"inLanguage\":\"de\",\"potentialAction\":[{\"@type\":\"ReadAction\",\"target\":[\"https:\/\/staging.dimorea.gr\/de\/confidentiality-personal-data-protection\/\"]}]},{\"@type\":\"BreadcrumbList\",\"@id\":\"https:\/\/staging.dimorea.gr\/de\/confidentiality-personal-data-protection\/#breadcrumb\",\"itemListElement\":[{\"@type\":\"ListItem\",\"position\":1,\"name\":\"\u0391\u03c1\u03c7\u03b9\u03ba\u03ae\",\"item\":\"https:\/\/staging.dimorea.gr\/de\/\"},{\"@type\":\"ListItem\",\"position\":2,\"name\":\"Vertraulichkeit und Schutz personenbezogener Daten\"}]},{\"@type\":\"WebSite\",\"@id\":\"https:\/\/staging.dimorea.gr\/#website\",\"url\":\"https:\/\/staging.dimorea.gr\/\",\"name\":\"di Morea\",\"description\":\"\",\"publisher\":{\"@id\":\"https:\/\/staging.dimorea.gr\/#organization\"},\"potentialAction\":[{\"@type\":\"SearchAction\",\"target\":{\"@type\":\"EntryPoint\",\"urlTemplate\":\"https:\/\/staging.dimorea.gr\/?s={search_term_string}\"},\"query-input\":{\"@type\":\"PropertyValueSpecification\",\"valueRequired\":true,\"valueName\":\"search_term_string\"}}],\"inLanguage\":\"de\"},{\"@type\":\"Organization\",\"@id\":\"https:\/\/staging.dimorea.gr\/#organization\",\"name\":\"diMorea\",\"url\":\"https:\/\/staging.dimorea.gr\/\",\"logo\":{\"@type\":\"ImageObject\",\"inLanguage\":\"de\",\"@id\":\"https:\/\/staging.dimorea.gr\/#\/schema\/logo\/image\/\",\"url\":\"https:\/\/staging.dimorea.gr\/wp-content\/uploads\/2022\/04\/logo-black-1.png\",\"contentUrl\":\"https:\/\/staging.dimorea.gr\/wp-content\/uploads\/2022\/04\/logo-black-1.png\",\"width\":220,\"height\":52,\"caption\":\"diMorea\"},\"image\":{\"@id\":\"https:\/\/staging.dimorea.gr\/#\/schema\/logo\/image\/\"},\"sameAs\":[\"https:\/\/www.facebook.com\/dimoreaoliveoil\",\"https:\/\/www.instagram.com\/accounts\/login\/?next=\/di_morea\/\"]}]}<\/script>\n<!-- \/ Yoast SEO plugin. -->","yoast_head_json":{"title":"Vertraulichkeit und Schutz personenbezogener Daten - di Morea","robots":{"index":"noindex","follow":"follow","max-snippet":"max-snippet:-1","max-image-preview":"max-image-preview:large","max-video-preview":"max-video-preview:-1"},"og_locale":"de_DE","og_type":"article","og_title":"Vertraulichkeit und Schutz personenbezogener Daten - di Morea","og_description":"Vertraulichkeit &amp; Datenschutz Der Schutz der personenbezogenen Daten unserer Online-Shop-Besucher www.dimorea.gr ist uns \u00e4u\u00dferst wichtig. Daher haben wir alle notwendigen Schritte unternommen, um die Einhaltung aller weltweit geltenden Datenschutzbestimmungen zu gew\u00e4hrleisten. Bitte lesen Sie diese Erkl\u00e4rung sorgf\u00e4ltig durch, bevor Sie die Dienste unserer Website nutzen. Wenn Sie uns Ihre personenbezogenen Daten mitteilen oder wir personenbezogene [&hellip;]","og_url":"https:\/\/staging.dimorea.gr\/de\/confidentiality-personal-data-protection\/","og_site_name":"di Morea","article_publisher":"https:\/\/www.facebook.com\/dimoreaoliveoil","article_modified_time":"2025-12-19T11:22:48+00:00","twitter_card":"summary_large_image","twitter_misc":{"Gesch\u00e4tzte Lesezeit":"4\u00a0Minuten"},"schema":{"@context":"https:\/\/schema.org","@graph":[{"@type":"WebPage","@id":"https:\/\/staging.dimorea.gr\/de\/confidentiality-personal-data-protection\/","url":"https:\/\/staging.dimorea.gr\/de\/confidentiality-personal-data-protection\/","name":"Vertraulichkeit und Schutz personenbezogener Daten - di Morea","isPartOf":{"@id":"https:\/\/staging.dimorea.gr\/#website"},"datePublished":"2022-04-26T07:51:08+00:00","dateModified":"2025-12-19T11:22:48+00:00","breadcrumb":{"@id":"https:\/\/staging.dimorea.gr\/de\/confidentiality-personal-data-protection\/#breadcrumb"},"inLanguage":"de","potentialAction":[{"@type":"ReadAction","target":["https:\/\/staging.dimorea.gr\/de\/confidentiality-personal-data-protection\/"]}]},{"@type":"BreadcrumbList","@id":"https:\/\/staging.dimorea.gr\/de\/confidentiality-personal-data-protection\/#breadcrumb","itemListElement":[{"@type":"ListItem","position":1,"name":"\u0391\u03c1\u03c7\u03b9\u03ba\u03ae","item":"https:\/\/staging.dimorea.gr\/de\/"},{"@type":"ListItem","position":2,"name":"Vertraulichkeit und Schutz personenbezogener Daten"}]},{"@type":"WebSite","@id":"https:\/\/staging.dimorea.gr\/#website","url":"https:\/\/staging.dimorea.gr\/","name":"di Morea","description":"","publisher":{"@id":"https:\/\/staging.dimorea.gr\/#organization"},"potentialAction":[{"@type":"SearchAction","target":{"@type":"EntryPoint","urlTemplate":"https:\/\/staging.dimorea.gr\/?s={search_term_string}"},"query-input":{"@type":"PropertyValueSpecification","valueRequired":true,"valueName":"search_term_string"}}],"inLanguage":"de"},{"@type":"Organization","@id":"https:\/\/staging.dimorea.gr\/#organization","name":"diMorea","url":"https:\/\/staging.dimorea.gr\/","logo":{"@type":"ImageObject","inLanguage":"de","@id":"https:\/\/staging.dimorea.gr\/#\/schema\/logo\/image\/","url":"https:\/\/staging.dimorea.gr\/wp-content\/uploads\/2022\/04\/logo-black-1.png","contentUrl":"https:\/\/staging.dimorea.gr\/wp-content\/uploads\/2022\/04\/logo-black-1.png","width":220,"height":52,"caption":"diMorea"},"image":{"@id":"https:\/\/staging.dimorea.gr\/#\/schema\/logo\/image\/"},"sameAs":["https:\/\/www.facebook.com\/dimoreaoliveoil","https:\/\/www.instagram.com\/accounts\/login\/?next=\/di_morea\/"]}]}},"_links":{"self":[{"href":"https:\/\/staging.dimorea.gr\/de\/wp-json\/wp\/v2\/pages\/7405","targetHints":{"allow":["GET"]}}],"collection":[{"href":"https:\/\/staging.dimorea.gr\/de\/wp-json\/wp\/v2\/pages"}],"about":[{"href":"https:\/\/staging.dimorea.gr\/de\/wp-json\/wp\/v2\/types\/page"}],"author":[{"embeddable":true,"href":"https:\/\/staging.dimorea.gr\/de\/wp-json\/wp\/v2\/users\/1"}],"replies":[{"embeddable":true,"href":"https:\/\/staging.dimorea.gr\/de\/wp-json\/wp\/v2\/comments?post=7405"}],"version-history":[{"count":4,"href":"https:\/\/staging.dimorea.gr\/de\/wp-json\/wp\/v2\/pages\/7405\/revisions"}],"predecessor-version":[{"id":8893,"href":"https:\/\/staging.dimorea.gr\/de\/wp-json\/wp\/v2\/pages\/7405\/revisions\/8893"}],"wp:attachment":[{"href":"https:\/\/staging.dimorea.gr\/de\/wp-json\/wp\/v2\/media?parent=7405"}],"curies":[{"name":"wp","href":"https:\/\/api.w.org\/{rel}","templated":true}]}}